{"id":10,"date":"2025-03-14T11:24:13","date_gmt":"2025-03-14T11:24:13","guid":{"rendered":"https:\/\/fidanhaciyeva.com\/?page_id=10"},"modified":"2025-04-09T14:03:09","modified_gmt":"2025-04-09T14:03:09","slug":"biography-2","status":"publish","type":"page","link":"https:\/\/fidanhaciyeva.com\/en\/biography-2\/","title":{"rendered":"Biography"},"content":{"rendered":"<div data-elementor-type=\"wp-page\" data-elementor-id=\"10\" class=\"elementor elementor-10\" data-elementor-post-type=\"page\">\n\t\t\t\t<div class=\"elementor-element elementor-element-0e746dc e-flex e-con-boxed e-con e-parent\" data-id=\"0e746dc\" data-element_type=\"container\" data-settings=\"{&quot;background_background&quot;:&quot;classic&quot;}\">\n\t\t\t\t\t<div class=\"e-con-inner\">\n\t\t<div class=\"elementor-element elementor-element-db4a99f e-con-full e-flex e-con e-child\" data-id=\"db4a99f\" data-element_type=\"container\">\n\t\t\t\t<div class=\"elementor-element elementor-element-a4ccba3 elementor-invisible elementor-widget elementor-widget-heading\" data-id=\"a4ccba3\" data-element_type=\"widget\" data-settings=\"{&quot;_animation&quot;:&quot;zoomIn&quot;}\" data-widget_type=\"heading.default\">\n\t\t\t\t<div class=\"elementor-widget-container\">\n\t\t\t\t\t<h1 class=\"elementor-heading-title elementor-size-default\">Biography<\/h1>\t\t\t\t<\/div>\n\t\t\t\t<\/div>\n\t\t\t\t<\/div>\n\t\t<div class=\"elementor-element elementor-element-dd59985 e-con-full e-flex e-con e-child\" data-id=\"dd59985\" data-element_type=\"container\">\n\t\t<div class=\"elementor-element elementor-element-e274d5a e-con-full e-flex e-con e-child\" data-id=\"e274d5a\" data-element_type=\"container\">\n\t\t<div class=\"elementor-element elementor-element-96ee153 e-con-full e-flex e-con e-child\" data-id=\"96ee153\" data-element_type=\"container\">\n\t\t\t\t<div class=\"elementor-element elementor-element-11cd70d elementor-widget elementor-widget-text-editor\" data-id=\"11cd70d\" data-element_type=\"widget\" data-widget_type=\"text-editor.default\">\n\t\t\t\t<div class=\"elementor-widget-container\">\n\t\t\t\t\t\t\t\t\t<p><strong data-start=\"79\" data-end=\"110\">Fidan Hajiaga gizi Hajiyeva<\/strong>, was born on September 7, 1976 in Baku. She is a prominent mezzo-soprano opera singer, People&#039;s Artist of the Republic of Azerbaijan. Currently, she is a soloist of the Azerbaijan State Academic Opera and Ballet Theater.<\/p>\t\t\t\t\t\t\t\t<\/div>\n\t\t\t\t<\/div>\n\t\t\t\t<\/div>\n\t\t<div class=\"elementor-element elementor-element-304c587 e-con-full e-flex e-con e-child\" data-id=\"304c587\" data-element_type=\"container\">\n\t\t\t\t<div class=\"elementor-element elementor-element-8ddf92c elementor-widget elementor-widget-image\" data-id=\"8ddf92c\" data-element_type=\"widget\" data-widget_type=\"image.default\">\n\t\t\t\t<div class=\"elementor-widget-container\">\n\t\t\t\t\t\t\t\t\t\t\t\t\t\t\t<img fetchpriority=\"high\" decoding=\"async\" width=\"1365\" height=\"2048\" src=\"https:\/\/fidanhaciyeva.com\/wp-content\/uploads\/2025\/03\/477590174_1555861418693810_1671737415287955417_n.jpg\" class=\"attachment-full size-full wp-image-75\" alt=\"\" srcset=\"https:\/\/fidanhaciyeva.com\/wp-content\/uploads\/2025\/03\/477590174_1555861418693810_1671737415287955417_n.jpg 1365w, https:\/\/fidanhaciyeva.com\/wp-content\/uploads\/2025\/03\/477590174_1555861418693810_1671737415287955417_n-200x300.jpg 200w, https:\/\/fidanhaciyeva.com\/wp-content\/uploads\/2025\/03\/477590174_1555861418693810_1671737415287955417_n-683x1024.jpg 683w, https:\/\/fidanhaciyeva.com\/wp-content\/uploads\/2025\/03\/477590174_1555861418693810_1671737415287955417_n-768x1152.jpg 768w, https:\/\/fidanhaciyeva.com\/wp-content\/uploads\/2025\/03\/477590174_1555861418693810_1671737415287955417_n-1024x1536.jpg 1024w\" sizes=\"(max-width: 1365px) 100vw, 1365px\" \/>\t\t\t\t\t\t\t\t\t\t\t\t\t\t\t<\/div>\n\t\t\t\t<\/div>\n\t\t\t\t<\/div>\n\t\t\t\t<\/div>\n\t\t<div class=\"elementor-element elementor-element-370db2d e-con-full e-flex e-con e-child\" data-id=\"370db2d\" data-element_type=\"container\">\n\t\t<div class=\"elementor-element elementor-element-e673e08 e-con-full e-flex e-con e-child\" data-id=\"e673e08\" data-element_type=\"container\">\n\t\t\t\t<div class=\"elementor-element elementor-element-f10ce04 elementor-widget elementor-widget-text-editor\" data-id=\"f10ce04\" data-element_type=\"widget\" data-widget_type=\"text-editor.default\">\n\t\t\t\t<div class=\"elementor-widget-container\">\n\t\t\t\t\t\t\t\t\t<h3 class=\"\" data-start=\"329\" data-end=\"360\"><strong data-start=\"333\" data-end=\"360\">Early life and education<\/strong><\/h3><p class=\"\" data-start=\"362\" data-end=\"730\">In 1984, Fidan began his musical career by enrolling in the piano class of the Bulbul Secondary Specialized Music School. After graduating from this school in 1994, he received vocal training in the class of Professor Huseyn Aliyev at the Baku Music Academy. In 1998, he further improved his art by attending master classes with the famous Russian mezzo-soprano Irina Arkhipova.<\/p>\t\t\t\t\t\t\t\t<\/div>\n\t\t\t\t<\/div>\n\t\t\t\t<\/div>\n\t\t<div class=\"elementor-element elementor-element-f8bfcdd e-con-full e-flex e-con e-child\" data-id=\"f8bfcdd\" data-element_type=\"container\">\n\t\t\t\t<div class=\"elementor-element elementor-element-3a43012 elementor-widget elementor-widget-video\" data-id=\"3a43012\" data-element_type=\"widget\" data-settings=\"{&quot;video_type&quot;:&quot;hosted&quot;,&quot;autoplay&quot;:&quot;yes&quot;,&quot;play_on_mobile&quot;:&quot;yes&quot;,&quot;mute&quot;:&quot;yes&quot;,&quot;loop&quot;:&quot;yes&quot;}\" data-widget_type=\"video.default\">\n\t\t\t\t<div class=\"elementor-widget-container\">\n\t\t\t\t\t\t\t<div class=\"e-hosted-video elementor-wrapper elementor-open-inline\">\n\t\t\t\t\t<video class=\"elementor-video\" src=\"https:\/\/fidanhaciyeva.com\/wp-content\/uploads\/2025\/03\/DGZv38YIBCn.mp4\" autoplay=\"\" loop=\"\" muted=\"muted\" playsinline=\"\" controlslist=\"nodownload\"><\/video>\n\t\t\t\t<\/div>\n\t\t\t\t\t\t<\/div>\n\t\t\t\t<\/div>\n\t\t\t\t<\/div>\n\t\t\t\t<\/div>\n\t\t<div class=\"elementor-element elementor-element-35cd1ea e-con-full e-flex e-con e-child\" data-id=\"35cd1ea\" data-element_type=\"container\">\n\t\t<div class=\"elementor-element elementor-element-e62af18 e-con-full e-flex e-con e-child\" data-id=\"e62af18\" data-element_type=\"container\">\n\t\t\t\t<div class=\"elementor-element elementor-element-6cc4177 elementor-widget elementor-widget-text-editor\" data-id=\"6cc4177\" data-element_type=\"widget\" data-widget_type=\"text-editor.default\">\n\t\t\t\t<div class=\"elementor-widget-container\">\n\t\t\t\t\t\t\t\t\t<h3 class=\"\" data-start=\"737\" data-end=\"763\"><strong data-start=\"741\" data-end=\"763\">Professional activity<\/strong><\/h3><p class=\"\" data-start=\"765\" data-end=\"1052\">Fidan&#039;s professional stage debut took place in 1996 at the Azerbaijan State Academic Opera and Ballet Theatre, performing the role of &quot;The Singing Girl&quot; in Uzeyir Hajibeyli&#039;s opera &quot;Koroglu&quot;. Since then, she has performed many leading roles in both national and classical operas. Some of them are:<\/p><ul data-start=\"1054\" data-end=\"1486\"><li class=\"\" data-start=\"1054\" data-end=\"1113\"><p class=\"\" data-start=\"1056\" data-end=\"1113\">Asya in Uzeyir Hajibeyli&#039;s operetta &quot;Arshin Mal Alan&quot;<\/p><\/li><li class=\"\" data-start=\"1114\" data-end=\"1157\"><p class=\"\" data-start=\"1116\" data-end=\"1157\">Carmen in Georges Bizet&#039;s opera &quot;Carmen&quot;<\/p><\/li><li class=\"\" data-start=\"1158\" data-end=\"1215\"><p class=\"\" data-start=\"1160\" data-end=\"1215\">Rosina in Giacchino Rossini&#039;s opera &quot;The Barber of Seville&quot;<\/p><\/li><li class=\"\" data-start=\"1216\" data-end=\"1262\"><p class=\"\" data-start=\"1218\" data-end=\"1262\">Amneris in Giuseppe Verdi&#039;s opera &quot;Aida&quot;<\/p><\/li><li class=\"\" data-start=\"1263\" data-end=\"1313\"><p class=\"\" data-start=\"1265\" data-end=\"1313\">Azucena in Giuseppe Verdi&#039;s opera &quot;Il Trovatore&quot;<\/p><\/li><li class=\"\" data-start=\"1314\" data-end=\"1367\"><p class=\"\" data-start=\"1316\" data-end=\"1367\">Maddalena in Giuseppe Verdi&#039;s opera &quot;Rigoletto&quot;<\/p><\/li><li class=\"\" data-start=\"1368\" data-end=\"1424\"><p class=\"\" data-start=\"1370\" data-end=\"1424\">Santuzza in Pietro Mascagni&#039;s opera &quot;La honore rurale&quot;<\/p><\/li><li class=\"\" data-start=\"1425\" data-end=\"1486\"><p class=\"\" data-start=\"1427\" data-end=\"1486\">The Old Countess in Pyotr Tchaikovsky&#039;s opera The Queen of Spades<\/p><\/li><\/ul><p class=\"\" data-start=\"1488\" data-end=\"1645\">Her performance as Carmen in particular was highly acclaimed, and she became the second Azerbaijani performer to portray this character, after Fatma Mukhtarova.<\/p>\t\t\t\t\t\t\t\t<\/div>\n\t\t\t\t<\/div>\n\t\t\t\t<\/div>\n\t\t<div class=\"elementor-element elementor-element-f3148cf e-con-full e-flex e-con e-child\" data-id=\"f3148cf\" data-element_type=\"container\">\n\t\t\t\t<div class=\"elementor-element elementor-element-20c72d7 elementor-widget elementor-widget-video\" data-id=\"20c72d7\" data-element_type=\"widget\" data-settings=\"{&quot;video_type&quot;:&quot;hosted&quot;,&quot;autoplay&quot;:&quot;yes&quot;,&quot;play_on_mobile&quot;:&quot;yes&quot;,&quot;mute&quot;:&quot;yes&quot;,&quot;loop&quot;:&quot;yes&quot;}\" data-widget_type=\"video.default\">\n\t\t\t\t<div class=\"elementor-widget-container\">\n\t\t\t\t\t\t\t<div class=\"e-hosted-video elementor-wrapper elementor-open-inline\">\n\t\t\t\t\t<video class=\"elementor-video\" src=\"https:\/\/fidanhaciyeva.com\/wp-content\/uploads\/2025\/03\/DFqIS6uN-p6.mp4\" autoplay=\"\" loop=\"\" muted=\"muted\" playsinline=\"\" controlslist=\"nodownload\"><\/video>\n\t\t\t\t<\/div>\n\t\t\t\t\t\t<\/div>\n\t\t\t\t<\/div>\n\t\t\t\t<\/div>\n\t\t\t\t<\/div>\n\t\t<div class=\"elementor-element elementor-element-3245100 e-con-full e-flex e-con e-child\" data-id=\"3245100\" data-element_type=\"container\">\n\t\t<div class=\"elementor-element elementor-element-cdcf900 e-con-full e-flex e-con e-child\" data-id=\"cdcf900\" data-element_type=\"container\">\n\t\t\t\t<div class=\"elementor-element elementor-element-3930678 elementor-widget elementor-widget-text-editor\" data-id=\"3930678\" data-element_type=\"widget\" data-widget_type=\"text-editor.default\">\n\t\t\t\t<div class=\"elementor-widget-container\">\n\t\t\t\t\t\t\t\t\t<h3 class=\"\" data-start=\"1652\" data-end=\"1677\"><strong data-start=\"1656\" data-end=\"1677\">Contributions to education<\/strong><\/h3>\n<p class=\"\" data-start=\"1679\" data-end=\"2069\">In addition to supporting young talents, Fidan founded the Music Center bearing his name in 2015. This center provides training in vocal performance, piano, saxophone, violin, and guitar. The center later became the \u201cFidan Hajiyeva Vocal Music School,\u201d where Fidan herself teaches students and organizes concerts to showcase their development.<\/p>\t\t\t\t\t\t\t\t<\/div>\n\t\t\t\t<\/div>\n\t\t\t\t<\/div>\n\t\t<div class=\"elementor-element elementor-element-b31e1e8 e-con-full e-flex e-con e-child\" data-id=\"b31e1e8\" data-element_type=\"container\">\n\t\t\t\t<div class=\"elementor-element elementor-element-eb326f1 elementor-widget elementor-widget-video\" data-id=\"eb326f1\" data-element_type=\"widget\" data-settings=\"{&quot;video_type&quot;:&quot;hosted&quot;,&quot;autoplay&quot;:&quot;yes&quot;,&quot;play_on_mobile&quot;:&quot;yes&quot;,&quot;mute&quot;:&quot;yes&quot;,&quot;loop&quot;:&quot;yes&quot;}\" data-widget_type=\"video.default\">\n\t\t\t\t<div class=\"elementor-widget-container\">\n\t\t\t\t\t\t\t<div class=\"e-hosted-video elementor-wrapper elementor-open-inline\">\n\t\t\t\t\t<video class=\"elementor-video\" src=\"https:\/\/fidanhaciyeva.com\/wp-content\/uploads\/2025\/03\/DGFYBIOIcbo.mp4\" autoplay=\"\" loop=\"\" muted=\"muted\" playsinline=\"\" controlslist=\"nodownload\"><\/video>\n\t\t\t\t<\/div>\n\t\t\t\t\t\t<\/div>\n\t\t\t\t<\/div>\n\t\t\t\t<\/div>\n\t\t\t\t<\/div>\n\t\t\t\t<\/div>\n\t\t\t\t\t<\/div>\n\t\t\t\t<\/div>\n\t\t\t\t<\/div>","protected":false},"excerpt":{"rendered":"<p>Biography Fidan Hajiaga gizi Hajiyeva was born on September 7, 1976 in Baku. She is a prominent mezzo-soprano opera singer, People&#039;s Artist of the Republic of Azerbaijan. She is currently a soloist of the Azerbaijan State Academic Opera and Ballet Theater. Early life and education Fidan began her musical path in 1984 by entering the piano class of the Bulbul Secondary Specialized Music School. In 1994, she graduated from this school [\u2026]<\/p>","protected":false},"author":1,"featured_media":0,"parent":0,"menu_order":0,"comment_status":"closed","ping_status":"closed","template":"elementor_header_footer","meta":{"_acf_changed":false,"footnotes":""},"class_list":["post-10","page","type-page","status-publish","hentry"],"acf":[],"yoast_head":"<!-- This site is optimized with the Yoast SEO plugin v26.0 - https:\/\/yoast.com\/wordpress\/plugins\/seo\/ -->\n<title>Bioqrafiya - Fidan Haciyeva Official<\/title>\n<meta name=\"robots\" content=\"index, follow, max-snippet:-1, max-image-preview:large, max-video-preview:-1\" \/>\n<link rel=\"canonical\" href=\"https:\/\/fidanhaciyeva.com\/en\/biography-2\/\" \/>\n<meta property=\"og:locale\" content=\"en_GB\" \/>\n<meta property=\"og:type\" content=\"article\" \/>\n<meta property=\"og:title\" content=\"Bioqrafiya - Fidan Haciyeva Official\" \/>\n<meta property=\"og:description\" content=\"Biography Fidan Hac\u0131a\u011fa q\u0131z\u0131 Hac\u0131yeva, 7 sentyabr 1976-c\u0131 ild\u0259 Bak\u0131 \u015f\u0259h\u0259rind\u0259 anadan olub. O, g\u00f6rk\u0259mli mezzo-soprano opera m\u00fc\u011f\u0259nnisi, Az\u0259rbaycan Respublikas\u0131n\u0131n Xalq artistidir. Haz\u0131rda Az\u0259rbaycan D\u00f6vl\u0259t Akademik Opera v\u0259 Balet Teatr\u0131n\u0131n solistidir. Erk\u0259n h\u0259yat\u0131 v\u0259 t\u0259hsili 1984-c\u00fc ild\u0259 Fidan musiqi yoluna B\u00fclb\u00fcl ad\u0131na Orta \u0130xtisas Musiqi M\u0259kt\u0259binin fortepiano sinfin\u0259 daxil olmaqla ba\u015flad\u0131. 1994-c\u00fc ild\u0259 bu m\u0259kt\u0259bi [&hellip;]\" \/>\n<meta property=\"og:url\" content=\"https:\/\/fidanhaciyeva.com\/en\/biography-2\/\" \/>\n<meta property=\"og:site_name\" content=\"Fidan Haciyeva Official\" \/>\n<meta property=\"article:publisher\" content=\"https:\/\/www.facebook.com\/fidanhaciyevaofficial\" \/>\n<meta property=\"article:modified_time\" content=\"2025-04-09T14:03:09+00:00\" \/>\n<meta property=\"og:image\" content=\"https:\/\/fidanhaciyeva.com\/wp-content\/uploads\/2025\/03\/477590174_1555861418693810_1671737415287955417_n.jpg\" \/>\n\t<meta property=\"og:image:width\" content=\"1365\" \/>\n\t<meta property=\"og:image:height\" content=\"2048\" \/>\n\t<meta property=\"og:image:type\" content=\"image\/jpeg\" \/>\n<meta name=\"twitter:card\" content=\"summary_large_image\" \/>\n<meta name=\"twitter:label1\" content=\"Estimated reading time\" \/>\n\t<meta name=\"twitter:data1\" content=\"2 minutes\" \/>\n<script type=\"application\/ld+json\" class=\"yoast-schema-graph\">{\"@context\":\"https:\/\/schema.org\",\"@graph\":[{\"@type\":\"WebPage\",\"@id\":\"https:\/\/fidanhaciyeva.com\/bioqrafiya\/\",\"url\":\"https:\/\/fidanhaciyeva.com\/bioqrafiya\/\",\"name\":\"Bioqrafiya - Fidan Haciyeva Official\",\"isPartOf\":{\"@id\":\"https:\/\/fidanhaciyeva.com\/#website\"},\"primaryImageOfPage\":{\"@id\":\"https:\/\/fidanhaciyeva.com\/bioqrafiya\/#primaryimage\"},\"image\":{\"@id\":\"https:\/\/fidanhaciyeva.com\/bioqrafiya\/#primaryimage\"},\"thumbnailUrl\":\"https:\/\/fidanhaciyeva.com\/wp-content\/uploads\/2025\/03\/477590174_1555861418693810_1671737415287955417_n.jpg\",\"datePublished\":\"2025-03-14T11:24:13+00:00\",\"dateModified\":\"2025-04-09T14:03:09+00:00\",\"breadcrumb\":{\"@id\":\"https:\/\/fidanhaciyeva.com\/bioqrafiya\/#breadcrumb\"},\"inLanguage\":\"en-GB\",\"potentialAction\":[{\"@type\":\"ReadAction\",\"target\":[\"https:\/\/fidanhaciyeva.com\/bioqrafiya\/\"]}]},{\"@type\":\"ImageObject\",\"inLanguage\":\"en-GB\",\"@id\":\"https:\/\/fidanhaciyeva.com\/bioqrafiya\/#primaryimage\",\"url\":\"https:\/\/fidanhaciyeva.com\/wp-content\/uploads\/2025\/03\/477590174_1555861418693810_1671737415287955417_n.jpg\",\"contentUrl\":\"https:\/\/fidanhaciyeva.com\/wp-content\/uploads\/2025\/03\/477590174_1555861418693810_1671737415287955417_n.jpg\"},{\"@type\":\"BreadcrumbList\",\"@id\":\"https:\/\/fidanhaciyeva.com\/bioqrafiya\/#breadcrumb\",\"itemListElement\":[{\"@type\":\"ListItem\",\"position\":1,\"name\":\"Home\",\"item\":\"https:\/\/fidanhaciyeva.com\/\"},{\"@type\":\"ListItem\",\"position\":2,\"name\":\"Bioqrafiya\"}]},{\"@type\":\"WebSite\",\"@id\":\"https:\/\/fidanhaciyeva.com\/#website\",\"url\":\"https:\/\/fidanhaciyeva.com\/\",\"name\":\"Fidan Haciyeva Official\",\"description\":\"\",\"publisher\":{\"@id\":\"https:\/\/fidanhaciyeva.com\/#organization\"},\"potentialAction\":[{\"@type\":\"SearchAction\",\"target\":{\"@type\":\"EntryPoint\",\"urlTemplate\":\"https:\/\/fidanhaciyeva.com\/?s={search_term_string}\"},\"query-input\":{\"@type\":\"PropertyValueSpecification\",\"valueRequired\":true,\"valueName\":\"search_term_string\"}}],\"inLanguage\":\"en-GB\"},{\"@type\":\"Organization\",\"@id\":\"https:\/\/fidanhaciyeva.com\/#organization\",\"name\":\"Fidan Haciyeva Official\",\"url\":\"https:\/\/fidanhaciyeva.com\/\",\"logo\":{\"@type\":\"ImageObject\",\"inLanguage\":\"en-GB\",\"@id\":\"https:\/\/fidanhaciyeva.com\/#\/schema\/logo\/image\/\",\"url\":\"https:\/\/fidanhaciyeva.com\/wp-content\/uploads\/2025\/03\/cropped-cropped-pngwing.com_.png\",\"contentUrl\":\"https:\/\/fidanhaciyeva.com\/wp-content\/uploads\/2025\/03\/cropped-cropped-pngwing.com_.png\",\"width\":512,\"height\":512,\"caption\":\"Fidan Haciyeva Official\"},\"image\":{\"@id\":\"https:\/\/fidanhaciyeva.com\/#\/schema\/logo\/image\/\"},\"sameAs\":[\"https:\/\/www.facebook.com\/fidanhaciyevaofficial\",\"https:\/\/www.instagram.com\/fidan.haciyeva.official\/\",\"https:\/\/www.youtube.com\/@fidanhajiyeva\",\"https:\/\/www.tiktok.com\/@fidanhaciyevakarmen\"]}]}<\/script>\n<!-- \/ Yoast SEO plugin. -->","yoast_head_json":{"title":"Bioqrafiya - Fidan Haciyeva Official","robots":{"index":"index","follow":"follow","max-snippet":"max-snippet:-1","max-image-preview":"max-image-preview:large","max-video-preview":"max-video-preview:-1"},"canonical":"https:\/\/fidanhaciyeva.com\/en\/biography-2\/","og_locale":"en_GB","og_type":"article","og_title":"Bioqrafiya - Fidan Haciyeva Official","og_description":"Biography Fidan Hac\u0131a\u011fa q\u0131z\u0131 Hac\u0131yeva, 7 sentyabr 1976-c\u0131 ild\u0259 Bak\u0131 \u015f\u0259h\u0259rind\u0259 anadan olub. O, g\u00f6rk\u0259mli mezzo-soprano opera m\u00fc\u011f\u0259nnisi, Az\u0259rbaycan Respublikas\u0131n\u0131n Xalq artistidir. Haz\u0131rda Az\u0259rbaycan D\u00f6vl\u0259t Akademik Opera v\u0259 Balet Teatr\u0131n\u0131n solistidir. Erk\u0259n h\u0259yat\u0131 v\u0259 t\u0259hsili 1984-c\u00fc ild\u0259 Fidan musiqi yoluna B\u00fclb\u00fcl ad\u0131na Orta \u0130xtisas Musiqi M\u0259kt\u0259binin fortepiano sinfin\u0259 daxil olmaqla ba\u015flad\u0131. 1994-c\u00fc ild\u0259 bu m\u0259kt\u0259bi [&hellip;]","og_url":"https:\/\/fidanhaciyeva.com\/en\/biography-2\/","og_site_name":"Fidan Haciyeva Official","article_publisher":"https:\/\/www.facebook.com\/fidanhaciyevaofficial","article_modified_time":"2025-04-09T14:03:09+00:00","og_image":[{"width":1365,"height":2048,"url":"https:\/\/fidanhaciyeva.com\/wp-content\/uploads\/2025\/03\/477590174_1555861418693810_1671737415287955417_n.jpg","type":"image\/jpeg"}],"twitter_card":"summary_large_image","twitter_misc":{"Estimated reading time":"2 minutes"},"schema":{"@context":"https:\/\/schema.org","@graph":[{"@type":"WebPage","@id":"https:\/\/fidanhaciyeva.com\/bioqrafiya\/","url":"https:\/\/fidanhaciyeva.com\/bioqrafiya\/","name":"Bioqrafiya - Fidan Haciyeva Official","isPartOf":{"@id":"https:\/\/fidanhaciyeva.com\/#website"},"primaryImageOfPage":{"@id":"https:\/\/fidanhaciyeva.com\/bioqrafiya\/#primaryimage"},"image":{"@id":"https:\/\/fidanhaciyeva.com\/bioqrafiya\/#primaryimage"},"thumbnailUrl":"https:\/\/fidanhaciyeva.com\/wp-content\/uploads\/2025\/03\/477590174_1555861418693810_1671737415287955417_n.jpg","datePublished":"2025-03-14T11:24:13+00:00","dateModified":"2025-04-09T14:03:09+00:00","breadcrumb":{"@id":"https:\/\/fidanhaciyeva.com\/bioqrafiya\/#breadcrumb"},"inLanguage":"en-GB","potentialAction":[{"@type":"ReadAction","target":["https:\/\/fidanhaciyeva.com\/bioqrafiya\/"]}]},{"@type":"ImageObject","inLanguage":"en-GB","@id":"https:\/\/fidanhaciyeva.com\/bioqrafiya\/#primaryimage","url":"https:\/\/fidanhaciyeva.com\/wp-content\/uploads\/2025\/03\/477590174_1555861418693810_1671737415287955417_n.jpg","contentUrl":"https:\/\/fidanhaciyeva.com\/wp-content\/uploads\/2025\/03\/477590174_1555861418693810_1671737415287955417_n.jpg"},{"@type":"BreadcrumbList","@id":"https:\/\/fidanhaciyeva.com\/bioqrafiya\/#breadcrumb","itemListElement":[{"@type":"ListItem","position":1,"name":"Home","item":"https:\/\/fidanhaciyeva.com\/"},{"@type":"ListItem","position":2,"name":"Bioqrafiya"}]},{"@type":"WebSite","@id":"https:\/\/fidanhaciyeva.com\/#website","url":"https:\/\/fidanhaciyeva.com\/","name":"Fidan Haciyeva Official","description":"","publisher":{"@id":"https:\/\/fidanhaciyeva.com\/#organization"},"potentialAction":[{"@type":"SearchAction","target":{"@type":"EntryPoint","urlTemplate":"https:\/\/fidanhaciyeva.com\/?s={search_term_string}"},"query-input":{"@type":"PropertyValueSpecification","valueRequired":true,"valueName":"search_term_string"}}],"inLanguage":"en-GB"},{"@type":"Organization","@id":"https:\/\/fidanhaciyeva.com\/#organization","name":"Fidan Haciyeva Official","url":"https:\/\/fidanhaciyeva.com\/","logo":{"@type":"ImageObject","inLanguage":"en-GB","@id":"https:\/\/fidanhaciyeva.com\/#\/schema\/logo\/image\/","url":"https:\/\/fidanhaciyeva.com\/wp-content\/uploads\/2025\/03\/cropped-cropped-pngwing.com_.png","contentUrl":"https:\/\/fidanhaciyeva.com\/wp-content\/uploads\/2025\/03\/cropped-cropped-pngwing.com_.png","width":512,"height":512,"caption":"Fidan Haciyeva Official"},"image":{"@id":"https:\/\/fidanhaciyeva.com\/#\/schema\/logo\/image\/"},"sameAs":["https:\/\/www.facebook.com\/fidanhaciyevaofficial","https:\/\/www.instagram.com\/fidan.haciyeva.official\/","https:\/\/www.youtube.com\/@fidanhajiyeva","https:\/\/www.tiktok.com\/@fidanhaciyevakarmen"]}]}},"_links":{"self":[{"href":"https:\/\/fidanhaciyeva.com\/en\/wp-json\/wp\/v2\/pages\/10","targetHints":{"allow":["GET"]}}],"collection":[{"href":"https:\/\/fidanhaciyeva.com\/en\/wp-json\/wp\/v2\/pages"}],"about":[{"href":"https:\/\/fidanhaciyeva.com\/en\/wp-json\/wp\/v2\/types\/page"}],"author":[{"embeddable":true,"href":"https:\/\/fidanhaciyeva.com\/en\/wp-json\/wp\/v2\/users\/1"}],"replies":[{"embeddable":true,"href":"https:\/\/fidanhaciyeva.com\/en\/wp-json\/wp\/v2\/comments?post=10"}],"version-history":[{"count":32,"href":"https:\/\/fidanhaciyeva.com\/en\/wp-json\/wp\/v2\/pages\/10\/revisions"}],"predecessor-version":[{"id":507,"href":"https:\/\/fidanhaciyeva.com\/en\/wp-json\/wp\/v2\/pages\/10\/revisions\/507"}],"wp:attachment":[{"href":"https:\/\/fidanhaciyeva.com\/en\/wp-json\/wp\/v2\/media?parent=10"}],"curies":[{"name":"wp","href":"https:\/\/api.w.org\/{rel}","templated":true}]}}