{"id":20,"date":"2025-03-14T11:25:37","date_gmt":"2025-03-14T11:25:37","guid":{"rendered":"https:\/\/fidanhaciyeva.com\/?page_id=20"},"modified":"2025-04-08T19:50:14","modified_gmt":"2025-04-08T19:50:14","slug":"ourl%c9%99-%c9%99laq%c9%99","status":"publish","type":"page","link":"https:\/\/fidanhaciyeva.com\/en\/ourl%c9%99-%c9%99laq%c9%99\/","title":{"rendered":"Contact us"},"content":{"rendered":"<div data-elementor-type=\"wp-page\" data-elementor-id=\"20\" class=\"elementor elementor-20\" data-elementor-post-type=\"page\">\n\t\t\t\t<div class=\"elementor-element elementor-element-04ca405 e-flex e-con-boxed e-con e-parent\" data-id=\"04ca405\" data-element_type=\"container\" data-settings=\"{&quot;background_background&quot;:&quot;classic&quot;}\">\n\t\t\t\t\t<div class=\"e-con-inner\">\n\t\t<div class=\"elementor-element elementor-element-7384b86 e-con-full e-flex e-con e-child\" data-id=\"7384b86\" data-element_type=\"container\">\n\t\t\t\t<div class=\"elementor-element elementor-element-1389fcc elementor-invisible elementor-widget elementor-widget-heading\" data-id=\"1389fcc\" data-element_type=\"widget\" data-settings=\"{&quot;_animation&quot;:&quot;fadeInDown&quot;}\" data-widget_type=\"heading.default\">\n\t\t\t\t<div class=\"elementor-widget-container\">\n\t\t\t\t\t<h1 class=\"elementor-heading-title elementor-size-default\">Contact Us<\/h1>\t\t\t\t<\/div>\n\t\t\t\t<\/div>\n\t\t\t\t<div class=\"elementor-element elementor-element-6d377a1 elementor-widget elementor-widget-text-editor\" data-id=\"6d377a1\" data-element_type=\"widget\" data-widget_type=\"text-editor.default\">\n\t\t\t\t<div class=\"elementor-widget-container\">\n\t\t\t\t\t\t\t\t\t<p data-start=\"27\" data-end=\"111\">We are ready to listen to your questions and guide you through the world of music!<\/p><p data-start=\"113\" data-end=\"187\" data-is-last-node=\"\" data-is-only-node=\"\">\ud83d\udccd Contact us and start your art journey with us! \ud83c\udfb6\u2728<\/p>\t\t\t\t\t\t\t\t<\/div>\n\t\t\t\t<\/div>\n\t\t\t\t<div class=\"elementor-element elementor-element-13ed02d elementor-button-align-stretch elementor-widget elementor-widget-form\" data-id=\"13ed02d\" data-element_type=\"widget\" data-settings=\"{&quot;step_next_label&quot;:&quot;Next&quot;,&quot;step_previous_label&quot;:&quot;Previous&quot;,&quot;button_width&quot;:&quot;100&quot;,&quot;step_type&quot;:&quot;number_text&quot;,&quot;step_icon_shape&quot;:&quot;circle&quot;}\" data-widget_type=\"form.default\">\n\t\t\t\t<div class=\"elementor-widget-container\">\n\t\t\t\t\t\t\t<form class=\"elementor-form\" method=\"post\" name=\"New Form\" action=\"\">\n\t\t\t<input type=\"hidden\" name=\"post_id\" value=\"20\"\/>\n\t\t\t<input type=\"hidden\" name=\"form_id\" value=\"13ed02d\"\/>\n\t\t\t<input type=\"hidden\" name=\"referer_title\" value=\"Biziml\u0259 \u0259laq\u0259 - Fidan Haciyeva Official\" \/>\n\n\t\t\t\t\t\t\t<input type=\"hidden\" name=\"queried_id\" value=\"20\"\/>\n\t\t\t\n\t\t\t<div class=\"elementor-form-fields-wrapper elementor-labels-\">\n\t\t\t\t\t\t\t\t<div class=\"elementor-field-type-text elementor-field-group elementor-column elementor-field-group-name elementor-col-100\">\n\t\t\t\t\t\t\t\t\t\t\t\t<label for=\"form-field-name\" class=\"elementor-field-label elementor-screen-only\">\n\t\t\t\t\t\t\t\tName\t\t\t\t\t\t\t<\/label>\n\t\t\t\t\t\t\t\t\t\t\t\t\t\t<input size=\"1\" type=\"text\" name=\"form_fields[name]\" id=\"form-field-name\" class=\"elementor-field elementor-size-sm  elementor-field-textual\" placeholder=\"Name\">\n\t\t\t\t\t\t\t\t\t\t\t<\/div>\n\t\t\t\t\t\t\t\t<div class=\"elementor-field-type-tel elementor-field-group elementor-column elementor-field-group-email elementor-col-100 elementor-field-required\">\n\t\t\t\t\t\t\t\t\t\t\t\t<label for=\"form-field-email\" class=\"elementor-field-label elementor-screen-only\">\n\t\t\t\t\t\t\t\tPhone Number\t\t\t\t\t\t\t<\/label>\n\t\t\t\t\t\t\t\t<input size=\"1\" type=\"tel\" name=\"form_fields[email]\" id=\"form-field-email\" class=\"elementor-field elementor-size-sm  elementor-field-textual\" placeholder=\"Phone Number \" required=\"required\" pattern=\"[0-9()#&amp;+*-=.]+\" title=\"Only numbers and phone characters (#, -, *, etc) are accepted.\" data-no-translation-title=\"\">\n\n\t\t\t\t\t\t<\/div>\n\t\t\t\t\t\t\t\t<div class=\"elementor-field-type-email elementor-field-group elementor-column elementor-field-group-field_aea3dc4 elementor-col-100\">\n\t\t\t\t\t\t\t\t\t\t\t\t<label for=\"form-field-field_aea3dc4\" class=\"elementor-field-label elementor-screen-only\">\n\t\t\t\t\t\t\t\tEmail\t\t\t\t\t\t\t<\/label>\n\t\t\t\t\t\t\t\t\t\t\t\t\t\t<input size=\"1\" type=\"email\" name=\"form_fields[field_aea3dc4]\" id=\"form-field-field_aea3dc4\" class=\"elementor-field elementor-size-sm  elementor-field-textual\" placeholder=\"Email\">\n\t\t\t\t\t\t\t\t\t\t\t<\/div>\n\t\t\t\t\t\t\t\t<div class=\"elementor-field-type-textarea elementor-field-group elementor-column elementor-field-group-message elementor-col-100\">\n\t\t\t\t\t\t\t\t\t\t\t\t<label for=\"form-field-message\" class=\"elementor-field-label elementor-screen-only\">\n\t\t\t\t\t\t\t\tMessage\t\t\t\t\t\t\t<\/label>\n\t\t\t\t\t\t<textarea class=\"elementor-field-textual elementor-field  elementor-size-sm\" name=\"form_fields[message]\" id=\"form-field-message\" rows=\"4\" placeholder=\"Message\"><\/textarea>\t\t\t\t<\/div>\n\t\t\t\t\t\t\t\t<div class=\"elementor-field-group elementor-column elementor-field-type-submit elementor-col-100 e-form__buttons\">\n\t\t\t\t\t<button class=\"elementor-button elementor-size-sm\" type=\"submit\">\n\t\t\t\t\t\t<span class=\"elementor-button-content-wrapper\">\n\t\t\t\t\t\t\t\t\t\t\t\t\t\t\t\t\t\t\t\t\t\t<span class=\"elementor-button-text\">Send<\/span>\n\t\t\t\t\t\t\t\t\t\t\t\t\t<\/span>\n\t\t\t\t\t<\/button>\n\t\t\t\t<\/div>\n\t\t\t<\/div>\n\t\t<input type=\"hidden\" name=\"trp-form-language\" value=\"en\"\/><\/form>\n\t\t\t\t\t\t<\/div>\n\t\t\t\t<\/div>\n\t\t\t\t<\/div>\n\t\t<div class=\"elementor-element elementor-element-5bceb84 e-con-full e-flex e-con e-child\" data-id=\"5bceb84\" data-element_type=\"container\">\n\t\t\t\t<div class=\"elementor-element elementor-element-2622a8d elementor-widget elementor-widget-html\" data-id=\"2622a8d\" data-element_type=\"widget\" data-widget_type=\"html.default\">\n\t\t\t\t<div class=\"elementor-widget-container\">\n\t\t\t\t\t<iframe src=\"https:\/\/yandex.ru\/map-widget\/v1\/-\/CHFMME0r\"height=\"500vh\"><\/iframe>\t\t\t\t<\/div>\n\t\t\t\t<\/div>\n\t\t\t\t<\/div>\n\t\t\t\t\t<\/div>\n\t\t\t\t<\/div>\n\t\t\t\t<\/div>","protected":false},"excerpt":{"rendered":"<p>Contact Us We are ready to listen to your questions and guide you through the world of music! \ud83d\udccd Contact us and start your artistic journey with us! \ud83c\udfb6\u2728<\/p>","protected":false},"author":1,"featured_media":0,"parent":0,"menu_order":0,"comment_status":"closed","ping_status":"closed","template":"elementor_header_footer","meta":{"_acf_changed":false,"footnotes":""},"class_list":["post-20","page","type-page","status-publish","hentry"],"acf":[],"yoast_head":"<!-- This site is optimized with the Yoast SEO plugin v26.0 - https:\/\/yoast.com\/wordpress\/plugins\/seo\/ -->\n<title>Biziml\u0259 \u0259laq\u0259 - Fidan Haciyeva Official<\/title>\n<meta name=\"robots\" content=\"index, follow, max-snippet:-1, max-image-preview:large, max-video-preview:-1\" \/>\n<link rel=\"canonical\" href=\"https:\/\/fidanhaciyeva.com\/en\/ourl\u0259-\u0259laq\u0259\/\" \/>\n<meta property=\"og:locale\" content=\"en_GB\" \/>\n<meta property=\"og:type\" content=\"article\" \/>\n<meta property=\"og:title\" content=\"Biziml\u0259 \u0259laq\u0259 - Fidan Haciyeva Official\" \/>\n<meta property=\"og:description\" content=\"Biziml\u0259 \u018flaq\u0259 Sizin suallar\u0131n\u0131z\u0131 dinl\u0259m\u0259y\u0259 v\u0259 musiqi d\u00fcnyas\u0131nda siz\u0259 yol g\u00f6st\u0259rm\u0259y\u0259 haz\u0131r\u0131q! \ud83d\udccd Biziml\u0259 \u0259laq\u0259 saxlay\u0131n v\u0259 s\u0259n\u0259t yolculu\u011funuzu biziml\u0259 ba\u015flay\u0131n! \ud83c\udfb6\u2728\" \/>\n<meta property=\"og:url\" content=\"https:\/\/fidanhaciyeva.com\/en\/ourl\u0259-\u0259laq\u0259\/\" \/>\n<meta property=\"og:site_name\" content=\"Fidan Haciyeva Official\" \/>\n<meta property=\"article:publisher\" content=\"https:\/\/www.facebook.com\/fidanhaciyevaofficial\" \/>\n<meta property=\"article:modified_time\" content=\"2025-04-08T19:50:14+00:00\" \/>\n<meta name=\"twitter:card\" content=\"summary_large_image\" \/>\n<script type=\"application\/ld+json\" class=\"yoast-schema-graph\">{\"@context\":\"https:\/\/schema.org\",\"@graph\":[{\"@type\":\"WebPage\",\"@id\":\"https:\/\/fidanhaciyeva.com\/biziml%c9%99-%c9%99laq%c9%99\/\",\"url\":\"https:\/\/fidanhaciyeva.com\/biziml%c9%99-%c9%99laq%c9%99\/\",\"name\":\"Biziml\u0259 \u0259laq\u0259 - Fidan Haciyeva Official\",\"isPartOf\":{\"@id\":\"https:\/\/fidanhaciyeva.com\/#website\"},\"datePublished\":\"2025-03-14T11:25:37+00:00\",\"dateModified\":\"2025-04-08T19:50:14+00:00\",\"breadcrumb\":{\"@id\":\"https:\/\/fidanhaciyeva.com\/biziml%c9%99-%c9%99laq%c9%99\/#breadcrumb\"},\"inLanguage\":\"en-GB\",\"potentialAction\":[{\"@type\":\"ReadAction\",\"target\":[\"https:\/\/fidanhaciyeva.com\/biziml%c9%99-%c9%99laq%c9%99\/\"]}]},{\"@type\":\"BreadcrumbList\",\"@id\":\"https:\/\/fidanhaciyeva.com\/biziml%c9%99-%c9%99laq%c9%99\/#breadcrumb\",\"itemListElement\":[{\"@type\":\"ListItem\",\"position\":1,\"name\":\"Home\",\"item\":\"https:\/\/fidanhaciyeva.com\/\"},{\"@type\":\"ListItem\",\"position\":2,\"name\":\"Biziml\u0259 \u0259laq\u0259\"}]},{\"@type\":\"WebSite\",\"@id\":\"https:\/\/fidanhaciyeva.com\/#website\",\"url\":\"https:\/\/fidanhaciyeva.com\/\",\"name\":\"Fidan Haciyeva Official\",\"description\":\"\",\"publisher\":{\"@id\":\"https:\/\/fidanhaciyeva.com\/#organization\"},\"potentialAction\":[{\"@type\":\"SearchAction\",\"target\":{\"@type\":\"EntryPoint\",\"urlTemplate\":\"https:\/\/fidanhaciyeva.com\/?s={search_term_string}\"},\"query-input\":{\"@type\":\"PropertyValueSpecification\",\"valueRequired\":true,\"valueName\":\"search_term_string\"}}],\"inLanguage\":\"en-GB\"},{\"@type\":\"Organization\",\"@id\":\"https:\/\/fidanhaciyeva.com\/#organization\",\"name\":\"Fidan Haciyeva Official\",\"url\":\"https:\/\/fidanhaciyeva.com\/\",\"logo\":{\"@type\":\"ImageObject\",\"inLanguage\":\"en-GB\",\"@id\":\"https:\/\/fidanhaciyeva.com\/#\/schema\/logo\/image\/\",\"url\":\"https:\/\/fidanhaciyeva.com\/wp-content\/uploads\/2025\/03\/cropped-cropped-pngwing.com_.png\",\"contentUrl\":\"https:\/\/fidanhaciyeva.com\/wp-content\/uploads\/2025\/03\/cropped-cropped-pngwing.com_.png\",\"width\":512,\"height\":512,\"caption\":\"Fidan Haciyeva Official\"},\"image\":{\"@id\":\"https:\/\/fidanhaciyeva.com\/#\/schema\/logo\/image\/\"},\"sameAs\":[\"https:\/\/www.facebook.com\/fidanhaciyevaofficial\",\"https:\/\/www.instagram.com\/fidan.haciyeva.official\/\",\"https:\/\/www.youtube.com\/@fidanhajiyeva\",\"https:\/\/www.tiktok.com\/@fidanhaciyevakarmen\"]}]}<\/script>\n<!-- \/ Yoast SEO plugin. -->","yoast_head_json":{"title":"Biziml\u0259 \u0259laq\u0259 - Fidan Haciyeva Official","robots":{"index":"index","follow":"follow","max-snippet":"max-snippet:-1","max-image-preview":"max-image-preview:large","max-video-preview":"max-video-preview:-1"},"canonical":"https:\/\/fidanhaciyeva.com\/en\/ourl\u0259-\u0259laq\u0259\/","og_locale":"en_GB","og_type":"article","og_title":"Biziml\u0259 \u0259laq\u0259 - Fidan Haciyeva Official","og_description":"Biziml\u0259 \u018flaq\u0259 Sizin suallar\u0131n\u0131z\u0131 dinl\u0259m\u0259y\u0259 v\u0259 musiqi d\u00fcnyas\u0131nda siz\u0259 yol g\u00f6st\u0259rm\u0259y\u0259 haz\u0131r\u0131q! \ud83d\udccd Biziml\u0259 \u0259laq\u0259 saxlay\u0131n v\u0259 s\u0259n\u0259t yolculu\u011funuzu biziml\u0259 ba\u015flay\u0131n! \ud83c\udfb6\u2728","og_url":"https:\/\/fidanhaciyeva.com\/en\/ourl\u0259-\u0259laq\u0259\/","og_site_name":"Fidan Haciyeva Official","article_publisher":"https:\/\/www.facebook.com\/fidanhaciyevaofficial","article_modified_time":"2025-04-08T19:50:14+00:00","twitter_card":"summary_large_image","schema":{"@context":"https:\/\/schema.org","@graph":[{"@type":"WebPage","@id":"https:\/\/fidanhaciyeva.com\/biziml%c9%99-%c9%99laq%c9%99\/","url":"https:\/\/fidanhaciyeva.com\/biziml%c9%99-%c9%99laq%c9%99\/","name":"Biziml\u0259 \u0259laq\u0259 - Fidan Haciyeva Official","isPartOf":{"@id":"https:\/\/fidanhaciyeva.com\/#website"},"datePublished":"2025-03-14T11:25:37+00:00","dateModified":"2025-04-08T19:50:14+00:00","breadcrumb":{"@id":"https:\/\/fidanhaciyeva.com\/biziml%c9%99-%c9%99laq%c9%99\/#breadcrumb"},"inLanguage":"en-GB","potentialAction":[{"@type":"ReadAction","target":["https:\/\/fidanhaciyeva.com\/biziml%c9%99-%c9%99laq%c9%99\/"]}]},{"@type":"BreadcrumbList","@id":"https:\/\/fidanhaciyeva.com\/biziml%c9%99-%c9%99laq%c9%99\/#breadcrumb","itemListElement":[{"@type":"ListItem","position":1,"name":"Home","item":"https:\/\/fidanhaciyeva.com\/"},{"@type":"ListItem","position":2,"name":"Biziml\u0259 \u0259laq\u0259"}]},{"@type":"WebSite","@id":"https:\/\/fidanhaciyeva.com\/#website","url":"https:\/\/fidanhaciyeva.com\/","name":"Fidan Haciyeva Official","description":"","publisher":{"@id":"https:\/\/fidanhaciyeva.com\/#organization"},"potentialAction":[{"@type":"SearchAction","target":{"@type":"EntryPoint","urlTemplate":"https:\/\/fidanhaciyeva.com\/?s={search_term_string}"},"query-input":{"@type":"PropertyValueSpecification","valueRequired":true,"valueName":"search_term_string"}}],"inLanguage":"en-GB"},{"@type":"Organization","@id":"https:\/\/fidanhaciyeva.com\/#organization","name":"Fidan Haciyeva Official","url":"https:\/\/fidanhaciyeva.com\/","logo":{"@type":"ImageObject","inLanguage":"en-GB","@id":"https:\/\/fidanhaciyeva.com\/#\/schema\/logo\/image\/","url":"https:\/\/fidanhaciyeva.com\/wp-content\/uploads\/2025\/03\/cropped-cropped-pngwing.com_.png","contentUrl":"https:\/\/fidanhaciyeva.com\/wp-content\/uploads\/2025\/03\/cropped-cropped-pngwing.com_.png","width":512,"height":512,"caption":"Fidan Haciyeva Official"},"image":{"@id":"https:\/\/fidanhaciyeva.com\/#\/schema\/logo\/image\/"},"sameAs":["https:\/\/www.facebook.com\/fidanhaciyevaofficial","https:\/\/www.instagram.com\/fidan.haciyeva.official\/","https:\/\/www.youtube.com\/@fidanhajiyeva","https:\/\/www.tiktok.com\/@fidanhaciyevakarmen"]}]}},"_links":{"self":[{"href":"https:\/\/fidanhaciyeva.com\/en\/wp-json\/wp\/v2\/pages\/20","targetHints":{"allow":["GET"]}}],"collection":[{"href":"https:\/\/fidanhaciyeva.com\/en\/wp-json\/wp\/v2\/pages"}],"about":[{"href":"https:\/\/fidanhaciyeva.com\/en\/wp-json\/wp\/v2\/types\/page"}],"author":[{"embeddable":true,"href":"https:\/\/fidanhaciyeva.com\/en\/wp-json\/wp\/v2\/users\/1"}],"replies":[{"embeddable":true,"href":"https:\/\/fidanhaciyeva.com\/en\/wp-json\/wp\/v2\/comments?post=20"}],"version-history":[{"count":6,"href":"https:\/\/fidanhaciyeva.com\/en\/wp-json\/wp\/v2\/pages\/20\/revisions"}],"predecessor-version":[{"id":486,"href":"https:\/\/fidanhaciyeva.com\/en\/wp-json\/wp\/v2\/pages\/20\/revisions\/486"}],"wp:attachment":[{"href":"https:\/\/fidanhaciyeva.com\/en\/wp-json\/wp\/v2\/media?parent=20"}],"curies":[{"name":"wp","href":"https:\/\/api.w.org\/{rel}","templated":true}]}}